{"id":150,"date":"2025-08-05T14:38:02","date_gmt":"2025-08-05T14:38:02","guid":{"rendered":"https:\/\/showcontact.de\/ticketshop\/?page_id=150"},"modified":"2025-08-21T20:29:13","modified_gmt":"2025-08-21T20:29:13","slug":"widerrufsrecht","status":"publish","type":"page","link":"https:\/\/showcontact.de\/ticketshop\/index.php\/widerrufsrecht\/","title":{"rendered":"Widerrufsrecht"},"content":{"rendered":"\n<p><\/p>\n\n\n\n<p><\/p>\n\n\n\n<p>Die Vorschriften \u00fcber Fernabsatzvertr\u00e4ge finden keine Anwendung auf Vertr\u00e4ge \u00fcber die Erbringung von Dienstleistungen im Bereich der Freizeitgestaltung. Hierzu geh\u00f6ren Eintrittskarten f\u00fcr Veranstaltungen. Ein Widerrufsrecht nach BGB \u00a7 312 b besteht somit nicht.<\/p>\n\n\n\n<p><br><\/p>\n\n\n\n<p>Aus Kulanz unsererseits ist es m\u00f6glich, dass wir bei uns gekaufte Konzertkarten umtauschen oder zur\u00fccknehmen. In diesem Fall wird eine Bearbeitungsgeb\u00fchr in H\u00f6he von 10% des Kartenpreises je bestellte Karte (mindestens 10 Euro, jedoch h\u00f6chstens 50 Euro je Karte) f\u00e4llig. In diesem Fall setzen Sie sich bitte mit uns in Verbindung.<br><br><\/p>\n\n\n\n<p><\/p>\n","protected":false},"excerpt":{"rendered":"<p>Die Vorschriften \u00fcber Fernabsatzvertr\u00e4ge finden keine Anwendung auf Vertr\u00e4ge \u00fcber die Erbringung von Dienstleistungen im Bereich der Freizeitgestaltung. Hierzu geh\u00f6ren Eintrittskarten f\u00fcr Veranstaltungen. Ein Widerrufsrecht nach BGB \u00a7 312 b besteht somit nicht. Aus Kulanz unsererseits ist es m\u00f6glich, dass wir bei uns gekaufte Konzertkarten umtauschen oder zur\u00fccknehmen. In diesem Fall wird eine Bearbeitungsgeb\u00fchr in [&hellip;]<\/p>\n","protected":false},"author":1,"featured_media":0,"parent":0,"menu_order":0,"comment_status":"closed","ping_status":"closed","template":"","meta":{"footnotes":""},"class_list":["post-150","page","type-page","status-publish","hentry"],"yoast_head":"<!-- This site is optimized with the Yoast SEO plugin v27.5 - https:\/\/yoast.com\/product\/yoast-seo-wordpress\/ -->\n<title>Widerrufsrecht - Ticketshop<\/title>\n<meta name=\"robots\" content=\"index, follow, max-snippet:-1, max-image-preview:large, max-video-preview:-1\" \/>\n<link rel=\"canonical\" href=\"https:\/\/showcontact.de\/ticketshop\/index.php\/widerrufsrecht\/\" \/>\n<meta property=\"og:locale\" content=\"de_DE\" \/>\n<meta property=\"og:type\" content=\"article\" \/>\n<meta property=\"og:title\" content=\"Widerrufsrecht - Ticketshop\" \/>\n<meta property=\"og:description\" content=\"Die Vorschriften \u00fcber Fernabsatzvertr\u00e4ge finden keine Anwendung auf Vertr\u00e4ge \u00fcber die Erbringung von Dienstleistungen im Bereich der Freizeitgestaltung. Hierzu geh\u00f6ren Eintrittskarten f\u00fcr Veranstaltungen. Ein Widerrufsrecht nach BGB \u00a7 312 b besteht somit nicht. Aus Kulanz unsererseits ist es m\u00f6glich, dass wir bei uns gekaufte Konzertkarten umtauschen oder zur\u00fccknehmen. In diesem Fall wird eine Bearbeitungsgeb\u00fchr in [&hellip;]\" \/>\n<meta property=\"og:url\" content=\"https:\/\/showcontact.de\/ticketshop\/index.php\/widerrufsrecht\/\" \/>\n<meta property=\"og:site_name\" content=\"Ticketshop\" \/>\n<meta property=\"article:modified_time\" content=\"2025-08-21T20:29:13+00:00\" \/>\n<meta name=\"twitter:card\" content=\"summary_large_image\" \/>\n<meta name=\"twitter:label1\" content=\"Gesch\u00e4tzte Lesezeit\" \/>\n\t<meta name=\"twitter:data1\" content=\"1\u00a0Minute\" \/>\n<script type=\"application\/ld+json\" class=\"yoast-schema-graph\">{\"@context\":\"https:\\\/\\\/schema.org\",\"@graph\":[{\"@type\":\"WebPage\",\"@id\":\"https:\\\/\\\/showcontact.de\\\/ticketshop\\\/index.php\\\/widerrufsrecht\\\/\",\"url\":\"https:\\\/\\\/showcontact.de\\\/ticketshop\\\/index.php\\\/widerrufsrecht\\\/\",\"name\":\"Widerrufsrecht - Ticketshop\",\"isPartOf\":{\"@id\":\"https:\\\/\\\/showcontact.de\\\/ticketshop\\\/#website\"},\"datePublished\":\"2025-08-05T14:38:02+00:00\",\"dateModified\":\"2025-08-21T20:29:13+00:00\",\"breadcrumb\":{\"@id\":\"https:\\\/\\\/showcontact.de\\\/ticketshop\\\/index.php\\\/widerrufsrecht\\\/#breadcrumb\"},\"inLanguage\":\"de\",\"potentialAction\":[{\"@type\":\"ReadAction\",\"target\":[\"https:\\\/\\\/showcontact.de\\\/ticketshop\\\/index.php\\\/widerrufsrecht\\\/\"]}]},{\"@type\":\"BreadcrumbList\",\"@id\":\"https:\\\/\\\/showcontact.de\\\/ticketshop\\\/index.php\\\/widerrufsrecht\\\/#breadcrumb\",\"itemListElement\":[{\"@type\":\"ListItem\",\"position\":1,\"name\":\"Startseite\",\"item\":\"https:\\\/\\\/showcontact.de\\\/ticketshop\\\/\"},{\"@type\":\"ListItem\",\"position\":2,\"name\":\"Widerrufsrecht\"}]},{\"@type\":\"WebSite\",\"@id\":\"https:\\\/\\\/showcontact.de\\\/ticketshop\\\/#website\",\"url\":\"https:\\\/\\\/showcontact.de\\\/ticketshop\\\/\",\"name\":\"Ticketshop\",\"description\":\"ShowContact, Musik- und Showservice\",\"potentialAction\":[{\"@type\":\"SearchAction\",\"target\":{\"@type\":\"EntryPoint\",\"urlTemplate\":\"https:\\\/\\\/showcontact.de\\\/ticketshop\\\/?s={search_term_string}\"},\"query-input\":{\"@type\":\"PropertyValueSpecification\",\"valueRequired\":true,\"valueName\":\"search_term_string\"}}],\"inLanguage\":\"de\"}]}<\/script>\n<!-- \/ Yoast SEO plugin. -->","yoast_head_json":{"title":"Widerrufsrecht - Ticketshop","robots":{"index":"index","follow":"follow","max-snippet":"max-snippet:-1","max-image-preview":"max-image-preview:large","max-video-preview":"max-video-preview:-1"},"canonical":"https:\/\/showcontact.de\/ticketshop\/index.php\/widerrufsrecht\/","og_locale":"de_DE","og_type":"article","og_title":"Widerrufsrecht - Ticketshop","og_description":"Die Vorschriften \u00fcber Fernabsatzvertr\u00e4ge finden keine Anwendung auf Vertr\u00e4ge \u00fcber die Erbringung von Dienstleistungen im Bereich der Freizeitgestaltung. Hierzu geh\u00f6ren Eintrittskarten f\u00fcr Veranstaltungen. Ein Widerrufsrecht nach BGB \u00a7 312 b besteht somit nicht. Aus Kulanz unsererseits ist es m\u00f6glich, dass wir bei uns gekaufte Konzertkarten umtauschen oder zur\u00fccknehmen. In diesem Fall wird eine Bearbeitungsgeb\u00fchr in [&hellip;]","og_url":"https:\/\/showcontact.de\/ticketshop\/index.php\/widerrufsrecht\/","og_site_name":"Ticketshop","article_modified_time":"2025-08-21T20:29:13+00:00","twitter_card":"summary_large_image","twitter_misc":{"Gesch\u00e4tzte Lesezeit":"1\u00a0Minute"},"schema":{"@context":"https:\/\/schema.org","@graph":[{"@type":"WebPage","@id":"https:\/\/showcontact.de\/ticketshop\/index.php\/widerrufsrecht\/","url":"https:\/\/showcontact.de\/ticketshop\/index.php\/widerrufsrecht\/","name":"Widerrufsrecht - Ticketshop","isPartOf":{"@id":"https:\/\/showcontact.de\/ticketshop\/#website"},"datePublished":"2025-08-05T14:38:02+00:00","dateModified":"2025-08-21T20:29:13+00:00","breadcrumb":{"@id":"https:\/\/showcontact.de\/ticketshop\/index.php\/widerrufsrecht\/#breadcrumb"},"inLanguage":"de","potentialAction":[{"@type":"ReadAction","target":["https:\/\/showcontact.de\/ticketshop\/index.php\/widerrufsrecht\/"]}]},{"@type":"BreadcrumbList","@id":"https:\/\/showcontact.de\/ticketshop\/index.php\/widerrufsrecht\/#breadcrumb","itemListElement":[{"@type":"ListItem","position":1,"name":"Startseite","item":"https:\/\/showcontact.de\/ticketshop\/"},{"@type":"ListItem","position":2,"name":"Widerrufsrecht"}]},{"@type":"WebSite","@id":"https:\/\/showcontact.de\/ticketshop\/#website","url":"https:\/\/showcontact.de\/ticketshop\/","name":"Ticketshop","description":"ShowContact, Musik- und Showservice","potentialAction":[{"@type":"SearchAction","target":{"@type":"EntryPoint","urlTemplate":"https:\/\/showcontact.de\/ticketshop\/?s={search_term_string}"},"query-input":{"@type":"PropertyValueSpecification","valueRequired":true,"valueName":"search_term_string"}}],"inLanguage":"de"}]}},"jetpack_sharing_enabled":true,"_links":{"self":[{"href":"https:\/\/showcontact.de\/ticketshop\/index.php\/wp-json\/wp\/v2\/pages\/150","targetHints":{"allow":["GET"]}}],"collection":[{"href":"https:\/\/showcontact.de\/ticketshop\/index.php\/wp-json\/wp\/v2\/pages"}],"about":[{"href":"https:\/\/showcontact.de\/ticketshop\/index.php\/wp-json\/wp\/v2\/types\/page"}],"author":[{"embeddable":true,"href":"https:\/\/showcontact.de\/ticketshop\/index.php\/wp-json\/wp\/v2\/users\/1"}],"replies":[{"embeddable":true,"href":"https:\/\/showcontact.de\/ticketshop\/index.php\/wp-json\/wp\/v2\/comments?post=150"}],"version-history":[{"count":3,"href":"https:\/\/showcontact.de\/ticketshop\/index.php\/wp-json\/wp\/v2\/pages\/150\/revisions"}],"predecessor-version":[{"id":232,"href":"https:\/\/showcontact.de\/ticketshop\/index.php\/wp-json\/wp\/v2\/pages\/150\/revisions\/232"}],"wp:attachment":[{"href":"https:\/\/showcontact.de\/ticketshop\/index.php\/wp-json\/wp\/v2\/media?parent=150"}],"curies":[{"name":"wp","href":"https:\/\/api.w.org\/{rel}","templated":true}]}}