{"id":202,"date":"2025-08-21T19:28:52","date_gmt":"2025-08-21T19:28:52","guid":{"rendered":"https:\/\/showcontact.de\/ticketshop\/?page_id=202"},"modified":"2025-08-21T20:44:23","modified_gmt":"2025-08-21T20:44:23","slug":"home","status":"publish","type":"page","link":"https:\/\/showcontact.de\/ticketshop\/index.php\/home\/","title":{"rendered":"Home"},"content":{"rendered":"\n<p>Willkommen in unserem Ticketshop. <br><br>Unter &#8222;Shop&#8220; k\u00f6nnen Sie aus unseren Produkten ausw\u00e4hlen und zum &#8222;Warenkorb&#8220; hinzuf\u00fcgen. <\/p>\n\n\n\n<p>Um den Vorgang abzuschliessen, bitte zur &#8222;Kasse&#8220; gehen.<\/p>\n\n\n\n<p><br>Unter &#8222;mein Konto&#8220; k\u00f6nnen Sie Ihre pers\u00f6nlichen Einstellungen speichern.<br><br><\/p>\n\n\n\n<p>Bei Infos und R\u00fcckfragen k\u00f6nnen Sie sich gerne an uns wenden.<br>Ihr Ticketshop Team.<br><br><\/p>\n\n\n\n<p><\/p>\n\n\n\n<p><img loading=\"lazy\" decoding=\"async\" width=\"200\" height=\"35\" class=\"wp-image-222\" style=\"width: 200px;\" src=\"https:\/\/showcontact.de\/ticketshop\/wp-content\/uploads\/2025\/08\/logo-sc.jpg\" alt=\"\" srcset=\"https:\/\/showcontact.de\/ticketshop\/wp-content\/uploads\/2025\/08\/logo-sc.jpg 671w, https:\/\/showcontact.de\/ticketshop\/wp-content\/uploads\/2025\/08\/logo-sc-300x53.jpg 300w, https:\/\/showcontact.de\/ticketshop\/wp-content\/uploads\/2025\/08\/logo-sc-600x106.jpg 600w\" sizes=\"auto, (max-width: 200px) 100vw, 200px\" \/><strong><br><\/strong><\/p>\n\n\n\n<p class=\"has-small-font-size\"><br>Im Augster 18, D-79592 Fischingen<br>Telefon: 07628\/331573<br>Internet:&nbsp;<a href=\"http:\/\/www.showcontact.de\" target=\"_blank\" rel=\"noreferrer noopener\">www.showcontact.de<\/a><br>Email: <a href=\"mailto:info@showcontact.de\">info@showcontact.de<\/a><\/p>\n\n\n\n<p><\/p>\n\n\n\n<p><\/p>\n","protected":false},"excerpt":{"rendered":"<p>Willkommen in unserem Ticketshop. Unter &#8222;Shop&#8220; k\u00f6nnen Sie aus unseren Produkten ausw\u00e4hlen und zum &#8222;Warenkorb&#8220; hinzuf\u00fcgen. Um den Vorgang abzuschliessen, bitte zur &#8222;Kasse&#8220; gehen. Unter &#8222;mein Konto&#8220; k\u00f6nnen Sie Ihre pers\u00f6nlichen Einstellungen speichern. Bei Infos und R\u00fcckfragen k\u00f6nnen Sie sich gerne an uns wenden.Ihr Ticketshop Team. Im Augster 18, D-79592 FischingenTelefon: 07628\/331573Internet:&nbsp;www.showcontact.deEmail: info@showcontact.de<\/p>\n","protected":false},"author":1,"featured_media":0,"parent":0,"menu_order":0,"comment_status":"closed","ping_status":"closed","template":"","meta":{"footnotes":""},"class_list":["post-202","page","type-page","status-publish","hentry"],"yoast_head":"<!-- This site is optimized with the Yoast SEO plugin v27.5 - https:\/\/yoast.com\/product\/yoast-seo-wordpress\/ -->\n<title>Home - Ticketshop<\/title>\n<meta name=\"robots\" content=\"index, follow, max-snippet:-1, max-image-preview:large, max-video-preview:-1\" \/>\n<link rel=\"canonical\" href=\"https:\/\/showcontact.de\/ticketshop\/index.php\/home\/\" \/>\n<meta property=\"og:locale\" content=\"de_DE\" \/>\n<meta property=\"og:type\" content=\"article\" \/>\n<meta property=\"og:title\" content=\"Home - Ticketshop\" \/>\n<meta property=\"og:description\" content=\"Willkommen in unserem Ticketshop. Unter &#8222;Shop&#8220; k\u00f6nnen Sie aus unseren Produkten ausw\u00e4hlen und zum &#8222;Warenkorb&#8220; hinzuf\u00fcgen. Um den Vorgang abzuschliessen, bitte zur &#8222;Kasse&#8220; gehen. Unter &#8222;mein Konto&#8220; k\u00f6nnen Sie Ihre pers\u00f6nlichen Einstellungen speichern. Bei Infos und R\u00fcckfragen k\u00f6nnen Sie sich gerne an uns wenden.Ihr Ticketshop Team. Im Augster 18, D-79592 FischingenTelefon: 07628\/331573Internet:&nbsp;www.showcontact.deEmail: info@showcontact.de\" \/>\n<meta property=\"og:url\" content=\"https:\/\/showcontact.de\/ticketshop\/index.php\/home\/\" \/>\n<meta property=\"og:site_name\" content=\"Ticketshop\" \/>\n<meta property=\"article:modified_time\" content=\"2025-08-21T20:44:23+00:00\" \/>\n<meta property=\"og:image\" content=\"https:\/\/showcontact.de\/ticketshop\/wp-content\/uploads\/2025\/08\/logo-sc.jpg\" \/>\n\t<meta property=\"og:image:width\" content=\"671\" \/>\n\t<meta property=\"og:image:height\" content=\"119\" \/>\n\t<meta property=\"og:image:type\" content=\"image\/jpeg\" \/>\n<meta name=\"twitter:card\" content=\"summary_large_image\" \/>\n<meta name=\"twitter:label1\" content=\"Gesch\u00e4tzte Lesezeit\" \/>\n\t<meta name=\"twitter:data1\" content=\"1\u00a0Minute\" \/>\n<script type=\"application\/ld+json\" class=\"yoast-schema-graph\">{\"@context\":\"https:\\\/\\\/schema.org\",\"@graph\":[{\"@type\":\"WebPage\",\"@id\":\"https:\\\/\\\/showcontact.de\\\/ticketshop\\\/index.php\\\/home\\\/\",\"url\":\"https:\\\/\\\/showcontact.de\\\/ticketshop\\\/index.php\\\/home\\\/\",\"name\":\"Home - Ticketshop\",\"isPartOf\":{\"@id\":\"https:\\\/\\\/showcontact.de\\\/ticketshop\\\/#website\"},\"primaryImageOfPage\":{\"@id\":\"https:\\\/\\\/showcontact.de\\\/ticketshop\\\/index.php\\\/home\\\/#primaryimage\"},\"image\":{\"@id\":\"https:\\\/\\\/showcontact.de\\\/ticketshop\\\/index.php\\\/home\\\/#primaryimage\"},\"thumbnailUrl\":\"https:\\\/\\\/showcontact.de\\\/ticketshop\\\/wp-content\\\/uploads\\\/2025\\\/08\\\/logo-sc.jpg\",\"datePublished\":\"2025-08-21T19:28:52+00:00\",\"dateModified\":\"2025-08-21T20:44:23+00:00\",\"breadcrumb\":{\"@id\":\"https:\\\/\\\/showcontact.de\\\/ticketshop\\\/index.php\\\/home\\\/#breadcrumb\"},\"inLanguage\":\"de\",\"potentialAction\":[{\"@type\":\"ReadAction\",\"target\":[\"https:\\\/\\\/showcontact.de\\\/ticketshop\\\/index.php\\\/home\\\/\"]}]},{\"@type\":\"ImageObject\",\"inLanguage\":\"de\",\"@id\":\"https:\\\/\\\/showcontact.de\\\/ticketshop\\\/index.php\\\/home\\\/#primaryimage\",\"url\":\"https:\\\/\\\/showcontact.de\\\/ticketshop\\\/wp-content\\\/uploads\\\/2025\\\/08\\\/logo-sc.jpg\",\"contentUrl\":\"https:\\\/\\\/showcontact.de\\\/ticketshop\\\/wp-content\\\/uploads\\\/2025\\\/08\\\/logo-sc.jpg\",\"width\":671,\"height\":119},{\"@type\":\"BreadcrumbList\",\"@id\":\"https:\\\/\\\/showcontact.de\\\/ticketshop\\\/index.php\\\/home\\\/#breadcrumb\",\"itemListElement\":[{\"@type\":\"ListItem\",\"position\":1,\"name\":\"Startseite\",\"item\":\"https:\\\/\\\/showcontact.de\\\/ticketshop\\\/\"},{\"@type\":\"ListItem\",\"position\":2,\"name\":\"Home\"}]},{\"@type\":\"WebSite\",\"@id\":\"https:\\\/\\\/showcontact.de\\\/ticketshop\\\/#website\",\"url\":\"https:\\\/\\\/showcontact.de\\\/ticketshop\\\/\",\"name\":\"Ticketshop\",\"description\":\"ShowContact, Musik- und Showservice\",\"potentialAction\":[{\"@type\":\"SearchAction\",\"target\":{\"@type\":\"EntryPoint\",\"urlTemplate\":\"https:\\\/\\\/showcontact.de\\\/ticketshop\\\/?s={search_term_string}\"},\"query-input\":{\"@type\":\"PropertyValueSpecification\",\"valueRequired\":true,\"valueName\":\"search_term_string\"}}],\"inLanguage\":\"de\"}]}<\/script>\n<!-- \/ Yoast SEO plugin. -->","yoast_head_json":{"title":"Home - Ticketshop","robots":{"index":"index","follow":"follow","max-snippet":"max-snippet:-1","max-image-preview":"max-image-preview:large","max-video-preview":"max-video-preview:-1"},"canonical":"https:\/\/showcontact.de\/ticketshop\/index.php\/home\/","og_locale":"de_DE","og_type":"article","og_title":"Home - Ticketshop","og_description":"Willkommen in unserem Ticketshop. Unter &#8222;Shop&#8220; k\u00f6nnen Sie aus unseren Produkten ausw\u00e4hlen und zum &#8222;Warenkorb&#8220; hinzuf\u00fcgen. Um den Vorgang abzuschliessen, bitte zur &#8222;Kasse&#8220; gehen. Unter &#8222;mein Konto&#8220; k\u00f6nnen Sie Ihre pers\u00f6nlichen Einstellungen speichern. Bei Infos und R\u00fcckfragen k\u00f6nnen Sie sich gerne an uns wenden.Ihr Ticketshop Team. Im Augster 18, D-79592 FischingenTelefon: 07628\/331573Internet:&nbsp;www.showcontact.deEmail: info@showcontact.de","og_url":"https:\/\/showcontact.de\/ticketshop\/index.php\/home\/","og_site_name":"Ticketshop","article_modified_time":"2025-08-21T20:44:23+00:00","og_image":[{"width":671,"height":119,"url":"https:\/\/showcontact.de\/ticketshop\/wp-content\/uploads\/2025\/08\/logo-sc.jpg","type":"image\/jpeg"}],"twitter_card":"summary_large_image","twitter_misc":{"Gesch\u00e4tzte Lesezeit":"1\u00a0Minute"},"schema":{"@context":"https:\/\/schema.org","@graph":[{"@type":"WebPage","@id":"https:\/\/showcontact.de\/ticketshop\/index.php\/home\/","url":"https:\/\/showcontact.de\/ticketshop\/index.php\/home\/","name":"Home - Ticketshop","isPartOf":{"@id":"https:\/\/showcontact.de\/ticketshop\/#website"},"primaryImageOfPage":{"@id":"https:\/\/showcontact.de\/ticketshop\/index.php\/home\/#primaryimage"},"image":{"@id":"https:\/\/showcontact.de\/ticketshop\/index.php\/home\/#primaryimage"},"thumbnailUrl":"https:\/\/showcontact.de\/ticketshop\/wp-content\/uploads\/2025\/08\/logo-sc.jpg","datePublished":"2025-08-21T19:28:52+00:00","dateModified":"2025-08-21T20:44:23+00:00","breadcrumb":{"@id":"https:\/\/showcontact.de\/ticketshop\/index.php\/home\/#breadcrumb"},"inLanguage":"de","potentialAction":[{"@type":"ReadAction","target":["https:\/\/showcontact.de\/ticketshop\/index.php\/home\/"]}]},{"@type":"ImageObject","inLanguage":"de","@id":"https:\/\/showcontact.de\/ticketshop\/index.php\/home\/#primaryimage","url":"https:\/\/showcontact.de\/ticketshop\/wp-content\/uploads\/2025\/08\/logo-sc.jpg","contentUrl":"https:\/\/showcontact.de\/ticketshop\/wp-content\/uploads\/2025\/08\/logo-sc.jpg","width":671,"height":119},{"@type":"BreadcrumbList","@id":"https:\/\/showcontact.de\/ticketshop\/index.php\/home\/#breadcrumb","itemListElement":[{"@type":"ListItem","position":1,"name":"Startseite","item":"https:\/\/showcontact.de\/ticketshop\/"},{"@type":"ListItem","position":2,"name":"Home"}]},{"@type":"WebSite","@id":"https:\/\/showcontact.de\/ticketshop\/#website","url":"https:\/\/showcontact.de\/ticketshop\/","name":"Ticketshop","description":"ShowContact, Musik- und Showservice","potentialAction":[{"@type":"SearchAction","target":{"@type":"EntryPoint","urlTemplate":"https:\/\/showcontact.de\/ticketshop\/?s={search_term_string}"},"query-input":{"@type":"PropertyValueSpecification","valueRequired":true,"valueName":"search_term_string"}}],"inLanguage":"de"}]}},"jetpack_sharing_enabled":true,"_links":{"self":[{"href":"https:\/\/showcontact.de\/ticketshop\/index.php\/wp-json\/wp\/v2\/pages\/202","targetHints":{"allow":["GET"]}}],"collection":[{"href":"https:\/\/showcontact.de\/ticketshop\/index.php\/wp-json\/wp\/v2\/pages"}],"about":[{"href":"https:\/\/showcontact.de\/ticketshop\/index.php\/wp-json\/wp\/v2\/types\/page"}],"author":[{"embeddable":true,"href":"https:\/\/showcontact.de\/ticketshop\/index.php\/wp-json\/wp\/v2\/users\/1"}],"replies":[{"embeddable":true,"href":"https:\/\/showcontact.de\/ticketshop\/index.php\/wp-json\/wp\/v2\/comments?post=202"}],"version-history":[{"count":21,"href":"https:\/\/showcontact.de\/ticketshop\/index.php\/wp-json\/wp\/v2\/pages\/202\/revisions"}],"predecessor-version":[{"id":248,"href":"https:\/\/showcontact.de\/ticketshop\/index.php\/wp-json\/wp\/v2\/pages\/202\/revisions\/248"}],"wp:attachment":[{"href":"https:\/\/showcontact.de\/ticketshop\/index.php\/wp-json\/wp\/v2\/media?parent=202"}],"curies":[{"name":"wp","href":"https:\/\/api.w.org\/{rel}","templated":true}]}}