{"id":84,"date":"2025-08-05T13:07:07","date_gmt":"2025-08-05T13:07:07","guid":{"rendered":"https:\/\/showcontact.de\/ticketshop\/?page_id=84"},"modified":"2025-11-04T08:19:41","modified_gmt":"2025-11-04T08:19:41","slug":"liefer-und-versandkosten","status":"publish","type":"page","link":"https:\/\/showcontact.de\/ticketshop\/index.php\/liefer-und-versandkosten\/","title":{"rendered":"Liefer- und Versandkosten"},"content":{"rendered":"\n<p><\/p>\n\n\n\n<p class=\"has-medium-font-size\"><br><strong>Postversand<\/strong><\/p>\n\n\n\n<p>Die Postversandgeb\u00fchren f\u00fcr Tickets betragen pauschal EUR 3,50 innerhalb Deutschland. (max. 8 St.) <br> Lieferungen nach und innerhalb der Schweiz werden mit EUR 4,50 berechnet.<br>F\u00fcr den Versand ins restliche Ausland werden Bearbeitungsgeb\u00fchren<br>in der H\u00f6he von EUR 9,00 erhoben.<br><\/p>\n\n\n\n<p class=\"has-medium-font-size\"><br><strong>Vorverkaufstellen:<\/strong><br><\/p>\n\n\n<ul>\n<li>D-79418 Schliengen, Gutedelstr. 21<br \/>Reifen-Beierer, Tel. +49 7635 \/ 2208<br \/>Internet: www.reifen-beierer.de\n<\/li><br>\n<li>D-79400 Kandern-Feuerbach, Johanniterstrasse 11<br \/>Suzana Widuch, Tel. +49 7626 \/ 9777783\n<\/li><br>\n<li>D-79576 Weil am Rhein, Burgh\u00f6lzle 15<br \/>Harley-Davidson, Power Shop GmbH &amp; Co KG, Tel. +49 7611 \/ 602022<br \/>Internet: www.powershop-weil.com\n<\/li><br>\n<li>D-79588 Efringen-Kirchen, Im Martelacker 2<br \/>Connys Stickdesign, Tel. +49 7628 \/ 800174<br \/>Internet: www.connys-stickdesign.de\n<\/li><br>\n<li>D-79591 Eimeldingen, Malzholzweg 11<br \/>Familie Widuch, Tel. +49 176 \/ 22617205\n<\/li><br>\n<li>D-79592 Fischingen, Im Augster 18<br \/>Showcontact Ticketshop Tel. +49 7628 \/ 331573<br \/>Internet: www.showcontact.de\n<\/li><br>\n<li>CH-4132 Muttenz, Dorfmattstrasse 15<br \/>Ackle Technik GmbH, Tel. +41 61 461 61 2<\/li>\n<\/ul>\n\n\n<p><\/p>\n","protected":false},"excerpt":{"rendered":"<p>Postversand Die Postversandgeb\u00fchren f\u00fcr Tickets betragen pauschal EUR 3,50 innerhalb Deutschland. (max. 8 St.) Lieferungen nach und innerhalb der Schweiz werden mit EUR 4,50 berechnet.F\u00fcr den Versand ins restliche Ausland werden Bearbeitungsgeb\u00fchrenin der H\u00f6he von EUR 9,00 erhoben. Vorverkaufstellen: D-79418 Schliengen, Gutedelstr. 21Reifen-Beierer, Tel. +49 7635 \/ 2208Internet: www.reifen-beierer.de D-79400 Kandern-Feuerbach, Johanniterstrasse 11Suzana Widuch, Tel. [&hellip;]<\/p>\n","protected":false},"author":1,"featured_media":0,"parent":0,"menu_order":0,"comment_status":"closed","ping_status":"closed","template":"","meta":{"footnotes":""},"class_list":["post-84","page","type-page","status-publish","hentry"],"yoast_head":"<!-- This site is optimized with the Yoast SEO plugin v27.5 - https:\/\/yoast.com\/product\/yoast-seo-wordpress\/ -->\n<title>Liefer- und Versandkosten - Ticketshop<\/title>\n<meta name=\"robots\" content=\"index, follow, max-snippet:-1, max-image-preview:large, max-video-preview:-1\" \/>\n<link rel=\"canonical\" href=\"https:\/\/showcontact.de\/ticketshop\/index.php\/liefer-und-versandkosten\/\" \/>\n<meta property=\"og:locale\" content=\"de_DE\" \/>\n<meta property=\"og:type\" content=\"article\" \/>\n<meta property=\"og:title\" content=\"Liefer- und Versandkosten - Ticketshop\" \/>\n<meta property=\"og:description\" content=\"Postversand Die Postversandgeb\u00fchren f\u00fcr Tickets betragen pauschal EUR 3,50 innerhalb Deutschland. (max. 8 St.) Lieferungen nach und innerhalb der Schweiz werden mit EUR 4,50 berechnet.F\u00fcr den Versand ins restliche Ausland werden Bearbeitungsgeb\u00fchrenin der H\u00f6he von EUR 9,00 erhoben. Vorverkaufstellen: D-79418 Schliengen, Gutedelstr. 21Reifen-Beierer, Tel. +49 7635 \/ 2208Internet: www.reifen-beierer.de D-79400 Kandern-Feuerbach, Johanniterstrasse 11Suzana Widuch, Tel. [&hellip;]\" \/>\n<meta property=\"og:url\" content=\"https:\/\/showcontact.de\/ticketshop\/index.php\/liefer-und-versandkosten\/\" \/>\n<meta property=\"og:site_name\" content=\"Ticketshop\" \/>\n<meta property=\"article:modified_time\" content=\"2025-11-04T08:19:41+00:00\" \/>\n<meta name=\"twitter:card\" content=\"summary_large_image\" \/>\n<meta name=\"twitter:label1\" content=\"Gesch\u00e4tzte Lesezeit\" \/>\n\t<meta name=\"twitter:data1\" content=\"1\u00a0Minute\" \/>\n<script type=\"application\/ld+json\" class=\"yoast-schema-graph\">{\"@context\":\"https:\\\/\\\/schema.org\",\"@graph\":[{\"@type\":\"WebPage\",\"@id\":\"https:\\\/\\\/showcontact.de\\\/ticketshop\\\/index.php\\\/liefer-und-versandkosten\\\/\",\"url\":\"https:\\\/\\\/showcontact.de\\\/ticketshop\\\/index.php\\\/liefer-und-versandkosten\\\/\",\"name\":\"Liefer- und Versandkosten - Ticketshop\",\"isPartOf\":{\"@id\":\"https:\\\/\\\/showcontact.de\\\/ticketshop\\\/#website\"},\"datePublished\":\"2025-08-05T13:07:07+00:00\",\"dateModified\":\"2025-11-04T08:19:41+00:00\",\"breadcrumb\":{\"@id\":\"https:\\\/\\\/showcontact.de\\\/ticketshop\\\/index.php\\\/liefer-und-versandkosten\\\/#breadcrumb\"},\"inLanguage\":\"de\",\"potentialAction\":[{\"@type\":\"ReadAction\",\"target\":[\"https:\\\/\\\/showcontact.de\\\/ticketshop\\\/index.php\\\/liefer-und-versandkosten\\\/\"]}]},{\"@type\":\"BreadcrumbList\",\"@id\":\"https:\\\/\\\/showcontact.de\\\/ticketshop\\\/index.php\\\/liefer-und-versandkosten\\\/#breadcrumb\",\"itemListElement\":[{\"@type\":\"ListItem\",\"position\":1,\"name\":\"Startseite\",\"item\":\"https:\\\/\\\/showcontact.de\\\/ticketshop\\\/\"},{\"@type\":\"ListItem\",\"position\":2,\"name\":\"Liefer- und Versandkosten\"}]},{\"@type\":\"WebSite\",\"@id\":\"https:\\\/\\\/showcontact.de\\\/ticketshop\\\/#website\",\"url\":\"https:\\\/\\\/showcontact.de\\\/ticketshop\\\/\",\"name\":\"Ticketshop\",\"description\":\"ShowContact, Musik- und Showservice\",\"potentialAction\":[{\"@type\":\"SearchAction\",\"target\":{\"@type\":\"EntryPoint\",\"urlTemplate\":\"https:\\\/\\\/showcontact.de\\\/ticketshop\\\/?s={search_term_string}\"},\"query-input\":{\"@type\":\"PropertyValueSpecification\",\"valueRequired\":true,\"valueName\":\"search_term_string\"}}],\"inLanguage\":\"de\"}]}<\/script>\n<!-- \/ Yoast SEO plugin. -->","yoast_head_json":{"title":"Liefer- und Versandkosten - Ticketshop","robots":{"index":"index","follow":"follow","max-snippet":"max-snippet:-1","max-image-preview":"max-image-preview:large","max-video-preview":"max-video-preview:-1"},"canonical":"https:\/\/showcontact.de\/ticketshop\/index.php\/liefer-und-versandkosten\/","og_locale":"de_DE","og_type":"article","og_title":"Liefer- und Versandkosten - Ticketshop","og_description":"Postversand Die Postversandgeb\u00fchren f\u00fcr Tickets betragen pauschal EUR 3,50 innerhalb Deutschland. (max. 8 St.) Lieferungen nach und innerhalb der Schweiz werden mit EUR 4,50 berechnet.F\u00fcr den Versand ins restliche Ausland werden Bearbeitungsgeb\u00fchrenin der H\u00f6he von EUR 9,00 erhoben. Vorverkaufstellen: D-79418 Schliengen, Gutedelstr. 21Reifen-Beierer, Tel. +49 7635 \/ 2208Internet: www.reifen-beierer.de D-79400 Kandern-Feuerbach, Johanniterstrasse 11Suzana Widuch, Tel. [&hellip;]","og_url":"https:\/\/showcontact.de\/ticketshop\/index.php\/liefer-und-versandkosten\/","og_site_name":"Ticketshop","article_modified_time":"2025-11-04T08:19:41+00:00","twitter_card":"summary_large_image","twitter_misc":{"Gesch\u00e4tzte Lesezeit":"1\u00a0Minute"},"schema":{"@context":"https:\/\/schema.org","@graph":[{"@type":"WebPage","@id":"https:\/\/showcontact.de\/ticketshop\/index.php\/liefer-und-versandkosten\/","url":"https:\/\/showcontact.de\/ticketshop\/index.php\/liefer-und-versandkosten\/","name":"Liefer- und Versandkosten - Ticketshop","isPartOf":{"@id":"https:\/\/showcontact.de\/ticketshop\/#website"},"datePublished":"2025-08-05T13:07:07+00:00","dateModified":"2025-11-04T08:19:41+00:00","breadcrumb":{"@id":"https:\/\/showcontact.de\/ticketshop\/index.php\/liefer-und-versandkosten\/#breadcrumb"},"inLanguage":"de","potentialAction":[{"@type":"ReadAction","target":["https:\/\/showcontact.de\/ticketshop\/index.php\/liefer-und-versandkosten\/"]}]},{"@type":"BreadcrumbList","@id":"https:\/\/showcontact.de\/ticketshop\/index.php\/liefer-und-versandkosten\/#breadcrumb","itemListElement":[{"@type":"ListItem","position":1,"name":"Startseite","item":"https:\/\/showcontact.de\/ticketshop\/"},{"@type":"ListItem","position":2,"name":"Liefer- und Versandkosten"}]},{"@type":"WebSite","@id":"https:\/\/showcontact.de\/ticketshop\/#website","url":"https:\/\/showcontact.de\/ticketshop\/","name":"Ticketshop","description":"ShowContact, Musik- und Showservice","potentialAction":[{"@type":"SearchAction","target":{"@type":"EntryPoint","urlTemplate":"https:\/\/showcontact.de\/ticketshop\/?s={search_term_string}"},"query-input":{"@type":"PropertyValueSpecification","valueRequired":true,"valueName":"search_term_string"}}],"inLanguage":"de"}]}},"jetpack_sharing_enabled":true,"_links":{"self":[{"href":"https:\/\/showcontact.de\/ticketshop\/index.php\/wp-json\/wp\/v2\/pages\/84","targetHints":{"allow":["GET"]}}],"collection":[{"href":"https:\/\/showcontact.de\/ticketshop\/index.php\/wp-json\/wp\/v2\/pages"}],"about":[{"href":"https:\/\/showcontact.de\/ticketshop\/index.php\/wp-json\/wp\/v2\/types\/page"}],"author":[{"embeddable":true,"href":"https:\/\/showcontact.de\/ticketshop\/index.php\/wp-json\/wp\/v2\/users\/1"}],"replies":[{"embeddable":true,"href":"https:\/\/showcontact.de\/ticketshop\/index.php\/wp-json\/wp\/v2\/comments?post=84"}],"version-history":[{"count":24,"href":"https:\/\/showcontact.de\/ticketshop\/index.php\/wp-json\/wp\/v2\/pages\/84\/revisions"}],"predecessor-version":[{"id":274,"href":"https:\/\/showcontact.de\/ticketshop\/index.php\/wp-json\/wp\/v2\/pages\/84\/revisions\/274"}],"wp:attachment":[{"href":"https:\/\/showcontact.de\/ticketshop\/index.php\/wp-json\/wp\/v2\/media?parent=84"}],"curies":[{"name":"wp","href":"https:\/\/api.w.org\/{rel}","templated":true}]}}