{"id":90,"date":"2025-08-05T13:13:12","date_gmt":"2025-08-05T13:13:12","guid":{"rendered":"https:\/\/showcontact.de\/ticketshop\/?page_id=90"},"modified":"2025-08-05T15:02:10","modified_gmt":"2025-08-05T15:02:10","slug":"allgemeine-geschaeftsbedingungen","status":"publish","type":"page","link":"https:\/\/showcontact.de\/ticketshop\/index.php\/allgemeine-geschaeftsbedingungen\/","title":{"rendered":"Allgemeine Gesch\u00e4ftsbedingungen"},"content":{"rendered":"\n<p><\/p>\n\n\n\n<p>Allgemeine Gesch\u00e4ftsbedingungen des Veranstalters f\u00fcr den Online-Kauf von Eintrittskarten<br><br><\/p>\n\n\n\n<ol class=\"wp-block-list\">\n<li>Durch den Kauf eines Tickets kommen in Bezug auf den Veranstaltungsbesuch vertragliche Beziehungen ausschlie\u00dflich zwischen dem Ticketk\u00e4ufer (Kunde) und dem Veranstalter zustande. Das Angebot f\u00fcr einen Vertragsabschlu\u00df geht dabei vom Kunden aus, sobald er online seine Ticketbestellung aufgegeben hat (durch Klick auf den Button \u201ejetzt bestellen\u201c). Mit dem Verkauf bzw. dem Versand der Eintrittskarte kommt der Eintrittskarten-\/bzw. Veranstaltungsvertrag mit dem Veranstalter zustande. Beim Besuch der Veranstaltung k\u00f6nnen separate Gesch\u00e4ftsbedingungen des Veranstalters gelten.<\/li>\n\n\n\n<li>Der Endkunde best\u00e4tigt im Online-Buchungsprozess die dort aufgef\u00fchrten Ticketendpreise. Die so vor Vertragsschluss angezeigten Geb\u00fchren sind Bestandteil des Vertrages zwischen dem Endkunden und dem Veranstalter.<\/li>\n\n\n\n<li>Tickets werden nur an Endkunden verkauft. Der Weiterverkauf ist nur mit ausdr\u00fccklicher Zustimmung des Veranstalters zul\u00e4ssig.<\/li>\n\n\n\n<li>Die Lieferung der bestellten Tickets erfolgt auf Kosten und Risiko des Kunden, d.h. der Kunde haftet f\u00fcr den zuf\u00e4lligen, unverschuldeten Untergang der Tickets. Ein unverschuldet versp\u00e4teter Zugang von versendeten Tickets beim Kunden steht dem zuf\u00e4lligen Untergang der Tickets gleich. Der Kunde ist verpflichtet, unverz\u00fcglich nach Lieferung der Tickets diese auf Richtigkeit und Vollst\u00e4ndigkeit (insbesondere Veranstaltung, Datum, Uhrzeit, Preis und Anzahl) zu \u00fcberpr\u00fcfen und Reklamationen unverz\u00fcglich gegen\u00fcber dem Veranstalter schriftlich (auch per E-Mail) zu erkl\u00e4ren.<\/li>\n\n\n\n<li>Im Falle der Verlegung oder des Ausfalls einer Veranstaltung sind jegliche Anspr\u00fcche der Ticketk\u00e4ufer direkt gegen\u00fcber dem Veranstalter geltend zu machen.<\/li>\n\n\n\n<li>Ein Umtausch von Eintrittskarten ist ausgeschlossen.<\/li>\n\n\n\n<li>Der Online-Ticketk\u00e4ufer ger\u00e4t durch seitens seiner Bank nicht ausgef\u00fchrte Lastschriften oder nicht ausgef\u00fchrte bzw. r\u00fcckbelastete Kreditkartenzahlungen in Verzug. In diesem Falle erhebt der Veranstalter f\u00fcr jedes Mahnschreiben eine Mahngeb\u00fchr von \u20ac 3,00. Mahnschreiben k\u00f6nnen insoweit auch per Email erfolgen. Die R\u00fccklastschriftgeb\u00fchren f\u00fcr nicht durchgef\u00fchrte Lastschriften entstehen unmittelbar f\u00fcr ShowContact und werden in der tats\u00e4chlich entstandenen H\u00f6he gegen\u00fcber dem betreffenden Endkunden durchgesetzt.<\/li>\n\n\n\n<li>Alleiniger Erf\u00fcllungsort f\u00fcr Lieferung, Leistung und Zahlung sowie Gerichtsstand ist der Ort, in dem der Veranstalter seinen Sitz hat.<\/li>\n\n\n\n<li>Es gilt ausschlie\u00dflich das Recht der Bundesrepublik Deutschland.<\/li>\n<\/ol>\n","protected":false},"excerpt":{"rendered":"<p>Allgemeine Gesch\u00e4ftsbedingungen des Veranstalters f\u00fcr den Online-Kauf von Eintrittskarten<\/p>\n","protected":false},"author":1,"featured_media":0,"parent":0,"menu_order":0,"comment_status":"closed","ping_status":"closed","template":"","meta":{"footnotes":""},"class_list":["post-90","page","type-page","status-publish","hentry"],"yoast_head":"<!-- This site is optimized with the Yoast SEO plugin v27.5 - https:\/\/yoast.com\/product\/yoast-seo-wordpress\/ -->\n<title>Allgemeine Gesch\u00e4ftsbedingungen - Ticketshop<\/title>\n<meta name=\"robots\" content=\"index, follow, max-snippet:-1, max-image-preview:large, max-video-preview:-1\" \/>\n<link rel=\"canonical\" href=\"https:\/\/showcontact.de\/ticketshop\/index.php\/allgemeine-geschaeftsbedingungen\/\" \/>\n<meta property=\"og:locale\" content=\"de_DE\" \/>\n<meta property=\"og:type\" content=\"article\" \/>\n<meta property=\"og:title\" content=\"Allgemeine Gesch\u00e4ftsbedingungen - Ticketshop\" \/>\n<meta property=\"og:description\" content=\"Allgemeine Gesch\u00e4ftsbedingungen des Veranstalters f\u00fcr den Online-Kauf von Eintrittskarten\" \/>\n<meta property=\"og:url\" content=\"https:\/\/showcontact.de\/ticketshop\/index.php\/allgemeine-geschaeftsbedingungen\/\" \/>\n<meta property=\"og:site_name\" content=\"Ticketshop\" \/>\n<meta property=\"article:modified_time\" content=\"2025-08-05T15:02:10+00:00\" \/>\n<meta name=\"twitter:card\" content=\"summary_large_image\" \/>\n<meta name=\"twitter:label1\" content=\"Gesch\u00e4tzte Lesezeit\" \/>\n\t<meta name=\"twitter:data1\" content=\"2\u00a0Minuten\" \/>\n<script type=\"application\/ld+json\" class=\"yoast-schema-graph\">{\"@context\":\"https:\\\/\\\/schema.org\",\"@graph\":[{\"@type\":\"WebPage\",\"@id\":\"https:\\\/\\\/showcontact.de\\\/ticketshop\\\/index.php\\\/allgemeine-geschaeftsbedingungen\\\/\",\"url\":\"https:\\\/\\\/showcontact.de\\\/ticketshop\\\/index.php\\\/allgemeine-geschaeftsbedingungen\\\/\",\"name\":\"Allgemeine Gesch\u00e4ftsbedingungen - Ticketshop\",\"isPartOf\":{\"@id\":\"https:\\\/\\\/showcontact.de\\\/ticketshop\\\/#website\"},\"datePublished\":\"2025-08-05T13:13:12+00:00\",\"dateModified\":\"2025-08-05T15:02:10+00:00\",\"breadcrumb\":{\"@id\":\"https:\\\/\\\/showcontact.de\\\/ticketshop\\\/index.php\\\/allgemeine-geschaeftsbedingungen\\\/#breadcrumb\"},\"inLanguage\":\"de\",\"potentialAction\":[{\"@type\":\"ReadAction\",\"target\":[\"https:\\\/\\\/showcontact.de\\\/ticketshop\\\/index.php\\\/allgemeine-geschaeftsbedingungen\\\/\"]}]},{\"@type\":\"BreadcrumbList\",\"@id\":\"https:\\\/\\\/showcontact.de\\\/ticketshop\\\/index.php\\\/allgemeine-geschaeftsbedingungen\\\/#breadcrumb\",\"itemListElement\":[{\"@type\":\"ListItem\",\"position\":1,\"name\":\"Startseite\",\"item\":\"https:\\\/\\\/showcontact.de\\\/ticketshop\\\/\"},{\"@type\":\"ListItem\",\"position\":2,\"name\":\"Allgemeine Gesch\u00e4ftsbedingungen\"}]},{\"@type\":\"WebSite\",\"@id\":\"https:\\\/\\\/showcontact.de\\\/ticketshop\\\/#website\",\"url\":\"https:\\\/\\\/showcontact.de\\\/ticketshop\\\/\",\"name\":\"Ticketshop\",\"description\":\"ShowContact, Musik- und Showservice\",\"potentialAction\":[{\"@type\":\"SearchAction\",\"target\":{\"@type\":\"EntryPoint\",\"urlTemplate\":\"https:\\\/\\\/showcontact.de\\\/ticketshop\\\/?s={search_term_string}\"},\"query-input\":{\"@type\":\"PropertyValueSpecification\",\"valueRequired\":true,\"valueName\":\"search_term_string\"}}],\"inLanguage\":\"de\"}]}<\/script>\n<!-- \/ Yoast SEO plugin. -->","yoast_head_json":{"title":"Allgemeine Gesch\u00e4ftsbedingungen - Ticketshop","robots":{"index":"index","follow":"follow","max-snippet":"max-snippet:-1","max-image-preview":"max-image-preview:large","max-video-preview":"max-video-preview:-1"},"canonical":"https:\/\/showcontact.de\/ticketshop\/index.php\/allgemeine-geschaeftsbedingungen\/","og_locale":"de_DE","og_type":"article","og_title":"Allgemeine Gesch\u00e4ftsbedingungen - Ticketshop","og_description":"Allgemeine Gesch\u00e4ftsbedingungen des Veranstalters f\u00fcr den Online-Kauf von Eintrittskarten","og_url":"https:\/\/showcontact.de\/ticketshop\/index.php\/allgemeine-geschaeftsbedingungen\/","og_site_name":"Ticketshop","article_modified_time":"2025-08-05T15:02:10+00:00","twitter_card":"summary_large_image","twitter_misc":{"Gesch\u00e4tzte Lesezeit":"2\u00a0Minuten"},"schema":{"@context":"https:\/\/schema.org","@graph":[{"@type":"WebPage","@id":"https:\/\/showcontact.de\/ticketshop\/index.php\/allgemeine-geschaeftsbedingungen\/","url":"https:\/\/showcontact.de\/ticketshop\/index.php\/allgemeine-geschaeftsbedingungen\/","name":"Allgemeine Gesch\u00e4ftsbedingungen - Ticketshop","isPartOf":{"@id":"https:\/\/showcontact.de\/ticketshop\/#website"},"datePublished":"2025-08-05T13:13:12+00:00","dateModified":"2025-08-05T15:02:10+00:00","breadcrumb":{"@id":"https:\/\/showcontact.de\/ticketshop\/index.php\/allgemeine-geschaeftsbedingungen\/#breadcrumb"},"inLanguage":"de","potentialAction":[{"@type":"ReadAction","target":["https:\/\/showcontact.de\/ticketshop\/index.php\/allgemeine-geschaeftsbedingungen\/"]}]},{"@type":"BreadcrumbList","@id":"https:\/\/showcontact.de\/ticketshop\/index.php\/allgemeine-geschaeftsbedingungen\/#breadcrumb","itemListElement":[{"@type":"ListItem","position":1,"name":"Startseite","item":"https:\/\/showcontact.de\/ticketshop\/"},{"@type":"ListItem","position":2,"name":"Allgemeine Gesch\u00e4ftsbedingungen"}]},{"@type":"WebSite","@id":"https:\/\/showcontact.de\/ticketshop\/#website","url":"https:\/\/showcontact.de\/ticketshop\/","name":"Ticketshop","description":"ShowContact, Musik- und Showservice","potentialAction":[{"@type":"SearchAction","target":{"@type":"EntryPoint","urlTemplate":"https:\/\/showcontact.de\/ticketshop\/?s={search_term_string}"},"query-input":{"@type":"PropertyValueSpecification","valueRequired":true,"valueName":"search_term_string"}}],"inLanguage":"de"}]}},"jetpack_sharing_enabled":true,"_links":{"self":[{"href":"https:\/\/showcontact.de\/ticketshop\/index.php\/wp-json\/wp\/v2\/pages\/90","targetHints":{"allow":["GET"]}}],"collection":[{"href":"https:\/\/showcontact.de\/ticketshop\/index.php\/wp-json\/wp\/v2\/pages"}],"about":[{"href":"https:\/\/showcontact.de\/ticketshop\/index.php\/wp-json\/wp\/v2\/types\/page"}],"author":[{"embeddable":true,"href":"https:\/\/showcontact.de\/ticketshop\/index.php\/wp-json\/wp\/v2\/users\/1"}],"replies":[{"embeddable":true,"href":"https:\/\/showcontact.de\/ticketshop\/index.php\/wp-json\/wp\/v2\/comments?post=90"}],"version-history":[{"count":3,"href":"https:\/\/showcontact.de\/ticketshop\/index.php\/wp-json\/wp\/v2\/pages\/90\/revisions"}],"predecessor-version":[{"id":189,"href":"https:\/\/showcontact.de\/ticketshop\/index.php\/wp-json\/wp\/v2\/pages\/90\/revisions\/189"}],"wp:attachment":[{"href":"https:\/\/showcontact.de\/ticketshop\/index.php\/wp-json\/wp\/v2\/media?parent=90"}],"curies":[{"name":"wp","href":"https:\/\/api.w.org\/{rel}","templated":true}]}}